{"id":7,"date":"2021-05-20T09:45:25","date_gmt":"2021-05-20T09:45:25","guid":{"rendered":"https:\/\/www.jdsplomberie.com\/?page_id=7"},"modified":"2021-05-24T19:42:31","modified_gmt":"2021-05-24T17:42:31","slug":"chauffage-climatisation","status":"publish","type":"page","link":"https:\/\/www.jdsplomberie.com\/?page_id=7","title":{"rendered":"Chauffage &#038; Climatisation"},"content":{"rendered":"\n<figure class=\"wp-block-image size-large\"><img loading=\"lazy\" decoding=\"async\" width=\"1024\" height=\"812\" src=\"https:\/\/www.jdsplomberie.com\/wp-content\/uploads\/2021\/05\/IMG_5064-1024x812.jpeg\" alt=\"\" class=\"wp-image-92\" srcset=\"https:\/\/www.jdsplomberie.com\/wp-content\/uploads\/2021\/05\/IMG_5064-1024x812.jpeg 1024w, https:\/\/www.jdsplomberie.com\/wp-content\/uploads\/2021\/05\/IMG_5064-300x238.jpeg 300w, https:\/\/www.jdsplomberie.com\/wp-content\/uploads\/2021\/05\/IMG_5064-768x609.jpeg 768w, https:\/\/www.jdsplomberie.com\/wp-content\/uploads\/2021\/05\/IMG_5064-1536x1218.jpeg 1536w, https:\/\/www.jdsplomberie.com\/wp-content\/uploads\/2021\/05\/IMG_5064-2048x1623.jpeg 2048w\" sizes=\"auto, (max-width: 1024px) 100vw, 1024px\" \/><\/figure>\n\n\n\n<figure class=\"wp-block-image size-large\"><img loading=\"lazy\" decoding=\"async\" width=\"947\" height=\"1024\" src=\"https:\/\/www.jdsplomberie.com\/wp-content\/uploads\/2021\/05\/1-0-947x1024.jpeg\" alt=\"\" class=\"wp-image-93\" srcset=\"https:\/\/www.jdsplomberie.com\/wp-content\/uploads\/2021\/05\/1-0-947x1024.jpeg 947w, https:\/\/www.jdsplomberie.com\/wp-content\/uploads\/2021\/05\/1-0-278x300.jpeg 278w, https:\/\/www.jdsplomberie.com\/wp-content\/uploads\/2021\/05\/1-0-768x830.jpeg 768w, https:\/\/www.jdsplomberie.com\/wp-content\/uploads\/2021\/05\/1-0.jpeg 1024w\" sizes=\"auto, (max-width: 947px) 100vw, 947px\" \/><\/figure>\n\n\n\n<div class=\"wp-block-columns is-layout-flex wp-container-core-columns-is-layout-9d6595d7 wp-block-columns-is-layout-flex\">\n<div class=\"wp-block-column is-layout-flow wp-block-column-is-layout-flow\">\n<p><strong>Installation de chauffage par des sp\u00e9cialistes<\/strong><\/p>\n\n\n\n<ul class=\"has-medium-font-size wp-block-list\"><li><strong>Chaudi\u00e8re<\/strong> \u00e0 granul\u00e9s\u00a0 : solution \u00e9conomique, ce type de chaudi\u00e8re permet une baisse de la facture allant jusqu&rsquo;\u00e0 30 %. Le bois est l&rsquo;\u00e9nergie la moins ch\u00e8re du march\u00e9.\u00a0<\/li><li>Chaudi\u00e8re fioul \u00e0 condensation : parfaite pour toutes les maisons \u00e9quip\u00e9es d&rsquo;un syst\u00e8me de chauffage central. \u00c0 condensation, elle rejette moins de gaz \u00e0 effet de serre et a donc un impact environnemental plus faible qu&rsquo;une chaudi\u00e8re classique.<\/li><li><strong>Plancher chauffant<\/strong> : ce type de syst\u00e8me permet de diffuser une chaleur agr\u00e9able et temp\u00e9r\u00e9e dans l&rsquo;ensemble de votre maison.<\/li><\/ul>\n\n\n\n<p class=\"has-medium-font-size\">Envie de vous envelopper dans une serviette de bain chaude et moelleuse \u00e0 la sortie du bain ? Faites installer un s\u00e8che-serviettes<\/p>\n<\/div>\n\n\n\n<div class=\"wp-block-column is-layout-flow wp-block-column-is-layout-flow\">\n<p><strong>Envie de faire climatiser votre appartement ?&nbsp;<\/strong><\/p>\n\n\n\n<p class=\"has-medium-font-size\">Les locaux professionnels de votre entreprise sont tr\u00e8s chauds quand les beaux jours arrivent ? Vous aimeriez diffuser de l&rsquo;air frais afin que le shopping de votre client\u00e8le soit agr\u00e9able ? Notre r\u00e9gion est magnifique, mais arriv\u00e9 l&rsquo;\u00e9t\u00e9, il peut vite faire tr\u00e8s chaud et cela peut devenir difficile \u00e0 vivre&#8230;<\/p>\n\n\n\n<p class=\"has-medium-font-size\">Afin de passer des nuits plus fra\u00eeches, faites installer un syst\u00e8me de climatisation pour votre chambre ou pour toutes les pi\u00e8ces de votre maison. En utilisant des \u00e9nergies renouvelables, les climatisations actuelles sont aussi performantes qu&rsquo;\u00e9conomes.&nbsp;<\/p>\n\n\n\n<p><strong>Syst\u00e8me de climatisation : quel mod\u00e8le ?<\/strong><\/p>\n\n\n\n<ul class=\"has-medium-font-size wp-block-list\"><li>Climatisation <strong>r\u00e9versible<\/strong> (chauffage thermodynamique ou pompe \u00e0 chaleur air\/air) : ce type d&rsquo;appareil permet d&rsquo;allier fra\u00eecheur l&rsquo;\u00e9t\u00e9 et chauffage l&rsquo;hiver.<\/li><li>Climatisation <strong>gainable<\/strong> : les climatiseurs gainables sont des splits r\u00e9versibles. Ce type d&rsquo;appareil permet d&rsquo;installer la climatisation dans plusieurs pi\u00e8ces de la maison.<\/li><li>Climatisation <strong>cassette<\/strong> : parfaitement adapt\u00e9e aux locaux professionnels (grande surface, bureaux&#8230;) et aux appartements.<\/li><\/ul>\n\n\n\n<p class=\"has-medium-font-size\">Faites appel \u00e0 nos comp\u00e9tences pour la pose de votre climatiseur ou de votre chauffage.<\/p>\n\n\n\n<p><\/p>\n\n\n\n<p class=\"has-vivid-red-color has-text-color has-medium-font-size\"><strong>Nous r\u00e9alisons l&rsquo;entretien de tous types de chaudi\u00e8re, des climatiseurs ou pompe \u00e0 chaleur.<\/strong><\/p>\n<\/div>\n<\/div>\n\n\n\n<figure class=\"wp-block-image size-large\"><img loading=\"lazy\" decoding=\"async\" width=\"442\" height=\"525\" src=\"https:\/\/www.jdsplomberie.com\/wp-content\/uploads\/2021\/05\/Pellematic_Air_cut.jpeg\" alt=\"\" class=\"wp-image-94\" srcset=\"https:\/\/www.jdsplomberie.com\/wp-content\/uploads\/2021\/05\/Pellematic_Air_cut.jpeg 442w, https:\/\/www.jdsplomberie.com\/wp-content\/uploads\/2021\/05\/Pellematic_Air_cut-253x300.jpeg 253w\" sizes=\"auto, (max-width: 442px) 100vw, 442px\" \/><\/figure>\n\n\n\n<figure class=\"wp-block-image size-large\"><img loading=\"lazy\" decoding=\"async\" width=\"585\" height=\"850\" src=\"https:\/\/www.jdsplomberie.com\/wp-content\/uploads\/2021\/05\/Pellematic_Schnitt.png\" alt=\"\" class=\"wp-image-95\" srcset=\"https:\/\/www.jdsplomberie.com\/wp-content\/uploads\/2021\/05\/Pellematic_Schnitt.png 585w, https:\/\/www.jdsplomberie.com\/wp-content\/uploads\/2021\/05\/Pellematic_Schnitt-206x300.png 206w\" sizes=\"auto, (max-width: 585px) 100vw, 585px\" \/><\/figure>\n\n\n<div class=\"n2-section-smartslider fitvidsignore  n2_clear\" data-ssid=\"3\" tabindex=\"0\" role=\"region\" aria-label=\"Slider\"><div id=\"n2-ss-3-align\" class=\"n2-ss-align\"><div class=\"n2-padding\"><div id=\"n2-ss-3\" data-creator=\"Smart Slider 3\" data-responsive=\"auto\" class=\"n2-ss-slider n2-ow n2-has-hover n2notransition  \">\n\n\n\n<div class=\"n2-ss-slider-wrapper-inside\">\n        <div class=\"n2-ss-slider-1 n2_ss__touch_element n2-ow\">\n            <div class=\"n2-ss-slider-2 n2-ow\">\n                                                <div class=\"n2-ss-slider-3 n2-ow\">\n\n                    <div class=\"n2-ss-slide-backgrounds n2-ow-all\"><div class=\"n2-ss-slide-background\" data-public-id=\"1\" data-mode=\"fill\"><div class=\"n2-ss-slide-background-image\" data-blur=\"0\" data-opacity=\"100\" data-x=\"50\" data-y=\"80\" data-alt=\"\" data-title=\"\" style=\"--ss-o-pos-y:80%\"><picture class=\"skip-lazy\" data-skip-lazy=\"1\"><img decoding=\"async\" src=\"\/\/www.jdsplomberie.com\/wp-content\/uploads\/2021\/05\/399551.jpg\" alt=\"\" title=\"\" loading=\"lazy\" class=\"skip-lazy\" data-skip-lazy=\"1\"><\/picture><\/div><div data-color=\"RGBA(255,255,255,0)\" style=\"background-color: RGBA(255,255,255,0);\" class=\"n2-ss-slide-background-color\"><\/div><\/div><div class=\"n2-ss-slide-background\" data-public-id=\"2\" data-mode=\"fill\"><div class=\"n2-ss-slide-background-image\" data-blur=\"0\" data-opacity=\"100\" data-x=\"50\" data-y=\"50\" data-alt=\"\" data-title=\"\"><picture class=\"skip-lazy\" data-skip-lazy=\"1\"><img decoding=\"async\" src=\"\/\/www.jdsplomberie.com\/wp-content\/uploads\/2021\/05\/chzmi1.jpg\" alt=\"\" title=\"\" loading=\"lazy\" class=\"skip-lazy\" data-skip-lazy=\"1\"><\/picture><\/div><div data-color=\"RGBA(255,255,255,0)\" style=\"background-color: RGBA(255,255,255,0);\" class=\"n2-ss-slide-background-color\"><\/div><\/div><div class=\"n2-ss-slide-background\" data-public-id=\"3\" data-mode=\"fill\"><div class=\"n2-ss-slide-background-image\" data-blur=\"0\" data-opacity=\"100\" data-x=\"50\" data-y=\"50\" data-alt=\"\" data-title=\"\"><picture class=\"skip-lazy\" data-skip-lazy=\"1\"><img decoding=\"async\" src=\"\/\/www.jdsplomberie.com\/wp-content\/uploads\/2021\/05\/chaudiere3.jpg\" alt=\"\" title=\"\" loading=\"lazy\" class=\"skip-lazy\" data-skip-lazy=\"1\"><\/picture><\/div><div data-color=\"RGBA(255,255,255,0)\" style=\"background-color: RGBA(255,255,255,0);\" class=\"n2-ss-slide-background-color\"><\/div><\/div><div class=\"n2-ss-slide-background\" data-public-id=\"4\" data-mode=\"fill\"><div class=\"n2-ss-slide-background-image\" data-blur=\"0\" data-opacity=\"100\" data-x=\"50\" data-y=\"50\" data-alt=\"\" data-title=\"\"><picture class=\"skip-lazy\" data-skip-lazy=\"1\"><img decoding=\"async\" src=\"\/\/www.jdsplomberie.com\/wp-content\/uploads\/2021\/05\/chaudiere2.jpg\" alt=\"\" title=\"\" loading=\"lazy\" class=\"skip-lazy\" data-skip-lazy=\"1\"><\/picture><\/div><div data-color=\"RGBA(255,255,255,0)\" style=\"background-color: RGBA(255,255,255,0);\" class=\"n2-ss-slide-background-color\"><\/div><\/div><div class=\"n2-ss-slide-background\" data-public-id=\"5\" data-mode=\"fill\"><div class=\"n2-ss-slide-background-image\" data-blur=\"0\" data-opacity=\"100\" data-x=\"50\" data-y=\"50\" data-alt=\"\" data-title=\"\"><picture class=\"skip-lazy\" data-skip-lazy=\"1\"><img decoding=\"async\" src=\"\/\/www.jdsplomberie.com\/wp-content\/uploads\/2021\/05\/chaudiere1.jpg\" alt=\"\" title=\"\" loading=\"lazy\" class=\"skip-lazy\" data-skip-lazy=\"1\"><\/picture><\/div><div data-color=\"RGBA(255,255,255,0)\" style=\"background-color: RGBA(255,255,255,0);\" class=\"n2-ss-slide-background-color\"><\/div><\/div><\/div>                    <div class=\"n2-ss-slider-4 n2-ow\">\n                        <svg xmlns=\"http:\/\/www.w3.org\/2000\/svg\" viewBox=\"0 0 1000 600\" data-related-device=\"desktopPortrait\" class=\"n2-ow n2-ss-preserve-size n2-ss-preserve-size--slider n2-ss-slide-limiter\"><\/svg><div data-first=\"1\" data-slide-duration=\"0\" data-id=\"8\" data-slide-public-id=\"1\" data-title=\"Chauffagerie\" class=\"n2-ss-slide n2-ow  n2-ss-slide-8\"><div role=\"note\" class=\"n2-ss-slide--focus\" tabindex=\"-1\">Chauffagerie<\/div><div class=\"n2-ss-layers-container n2-ss-slide-limiter n2-ow\"><div class=\"n2-ss-layer n2-ow n-uc-sKDqL2dxOerm\" data-sstype=\"slide\" data-pm=\"default\"><div class=\"n2-ss-layer n2-ow n-uc-jGk7Yv8tuIN5\" data-pm=\"default\" data-sstype=\"content\" data-hasbackground=\"0\"><div class=\"n2-ss-section-main-content n2-ss-layer-with-background n2-ss-layer-content n2-ow n-uc-jGk7Yv8tuIN5-inner\"><div class=\"n2-ss-layer n2-ow n-uc-V8UVhCigV3fK\" data-pm=\"absolute\" data-responsiveposition=\"1\" data-desktopportraitleft=\"20\" data-desktopportraittop=\"0\" data-responsivesize=\"1\" data-desktopportraitwidth=\"861\" data-desktopportraitheight=\"auto\" data-desktopportraitalign=\"left\" data-desktopportraitvalign=\"top\" data-parentid=\"\" data-desktopportraitparentalign=\"center\" data-desktopportraitparentvalign=\"middle\" data-sstype=\"layer\"><div id=\"n2-ss-3item1\" class=\"n2-font-28cdf806786405e3b30cbe9fc5671c04-hover n2-style-f8293b450b12ef15d5c4ff97a617a3e3-heading   n2-ss-item-content n2-ss-text n2-ow\" style=\"display:block;\">Chauffage &amp; Climatisation<\/div><\/div><div class=\"n2-ss-layer n2-ow n-uc-PFqa5VDQD3kt n2-ss-layer--auto\" data-pm=\"absolute\" data-responsiveposition=\"1\" data-desktopportraitleft=\"-20\" data-desktopportraittop=\"-20\" data-responsivesize=\"1\" data-desktopportraitwidth=\"147.344\" data-desktopportraitheight=\"auto\" data-desktopportraitalign=\"right\" data-desktopportraitvalign=\"bottom\" data-parentid=\"\" data-desktopportraitparentalign=\"center\" data-desktopportraitparentvalign=\"middle\" data-sstype=\"layer\"><div class=\"n2-ss-button-container n2-ss-item-content n2-ow n2-font-e59ee15b26d12a2b08b236a33327cc60-link  n2-ss-nowrap n2-ss-button-container--non-full-width\"><a class=\"n2-style-163d4a8c6072bd23acb7ef4defc76a1b-heading  n2-ow \" href=\"https:\/\/www.jdsplomberie.com\/?page_id=7\"><div><div>En savoir plus<\/div><\/div><\/a><\/div><\/div><\/div><\/div><\/div><\/div><\/div><div data-slide-duration=\"0\" data-id=\"13\" data-slide-public-id=\"2\" data-title=\"chzmi1\" class=\"n2-ss-slide n2-ow  n2-ss-slide-13\"><div role=\"note\" class=\"n2-ss-slide--focus\" tabindex=\"-1\">chzmi1<\/div><div class=\"n2-ss-layers-container n2-ss-slide-limiter n2-ow\"><div class=\"n2-ss-layer n2-ow n-uc-dstHCuvzEwVY\" data-sstype=\"slide\" data-pm=\"default\"><\/div><\/div><\/div><div data-slide-duration=\"0\" data-id=\"14\" data-slide-public-id=\"3\" data-title=\"chaudiere3\" class=\"n2-ss-slide n2-ow  n2-ss-slide-14\"><div role=\"note\" class=\"n2-ss-slide--focus\" tabindex=\"-1\">chaudiere3<\/div><div class=\"n2-ss-layers-container n2-ss-slide-limiter n2-ow\"><div class=\"n2-ss-layer n2-ow n-uc-Nsb1TdzQSPvP\" data-sstype=\"slide\" data-pm=\"default\"><\/div><\/div><\/div><div data-slide-duration=\"0\" data-id=\"15\" data-slide-public-id=\"4\" data-title=\"chaudiere2\" class=\"n2-ss-slide n2-ow  n2-ss-slide-15\"><div role=\"note\" class=\"n2-ss-slide--focus\" tabindex=\"-1\">chaudiere2<\/div><div class=\"n2-ss-layers-container n2-ss-slide-limiter n2-ow\"><div class=\"n2-ss-layer n2-ow n-uc-Cc8jiVbLiAg1\" data-sstype=\"slide\" data-pm=\"default\"><\/div><\/div><\/div><div data-slide-duration=\"0\" data-id=\"16\" data-slide-public-id=\"5\" data-title=\"chaudiere1\" class=\"n2-ss-slide n2-ow  n2-ss-slide-16\"><div role=\"note\" class=\"n2-ss-slide--focus\" tabindex=\"-1\">chaudiere1<\/div><div class=\"n2-ss-layers-container n2-ss-slide-limiter n2-ow\"><div class=\"n2-ss-layer n2-ow n-uc-MqJboLNOXgi3\" data-sstype=\"slide\" data-pm=\"default\"><\/div><\/div><\/div>                    <\/div>\n\n                                    <\/div>\n            <\/div>\n        <\/div>\n        <div class=\"n2-ss-slider-controls n2-ss-slider-controls-absolute-left-center\"><div style=\"--widget-offset:15px;\" class=\"n2-ss-widget n2-ss-widget-display-hover n2-style-107cb0e4b96e295f0c4852cfc0854d07-heading nextend-arrow n2-ow-all nextend-arrow-previous  nextend-arrow-animated-fade\" data-hide-mobileportrait=\"1\" id=\"n2-ss-3-arrow-previous\" role=\"button\" aria-label=\"previous arrow\" tabindex=\"0\"><img loading=\"lazy\" decoding=\"async\" width=\"32\" height=\"32\" class=\"skip-lazy\" data-skip-lazy=\"1\" src=\"data:image\/svg+xml;base64,PHN2ZyB4bWxucz0iaHR0cDovL3d3dy53My5vcmcvMjAwMC9zdmciIHdpZHRoPSIzMiIgaGVpZ2h0PSIzMiIgdmlld0JveD0iMCAwIDMyIDMyIj4KICAgIDxwYXRoIGZpbGw9IiNmZmZmZmYiIG9wYWNpdHk9IjAuOCIgZmlsbC1ydWxlPSJldmVub2RkIgogICAgICAgICAgZD0iTTE4Ljk5NTggOC45OTA3YzAtLjQyNC0uMjA0LS43MjMtLjYxLS44OTgtLjQwOS0uMTczLS43NzItLjEwNC0xLjA5My4yMDlsLTcuMDA2IDYuOTc1Yy0uMjAxLjE5OS0uMjk3LjQzNy0uMjg2LjcxNiAwIC4yNjcuMDk2LjQ5OC4yODYuNjg5bDcuMDA2IDcuMDAxYy4zMjEuMzIxLjY4NC4zODkgMS4wOTMuMjA5LjQwNi0uMTc0LjYxLS40ODIuNjEtLjkyMlY4Ljk5MDd6Ii8+Cjwvc3ZnPg==\" alt=\"previous arrow\"><\/div><\/div><div class=\"n2-ss-slider-controls n2-ss-slider-controls-absolute-right-center\"><div style=\"--widget-offset:15px;\" class=\"n2-ss-widget n2-ss-widget-display-hover n2-style-107cb0e4b96e295f0c4852cfc0854d07-heading nextend-arrow n2-ow-all nextend-arrow-next  nextend-arrow-animated-fade\" data-hide-mobileportrait=\"1\" id=\"n2-ss-3-arrow-next\" role=\"button\" aria-label=\"next arrow\" tabindex=\"0\"><img loading=\"lazy\" decoding=\"async\" width=\"32\" height=\"32\" class=\"skip-lazy\" data-skip-lazy=\"1\" src=\"data:image\/svg+xml;base64,PHN2ZyB3aWR0aD0iMzIiIGhlaWdodD0iMzIiIHZpZXdCb3g9IjAgMCAzMiAzMiIgeG1sbnM9Imh0dHA6Ly93d3cudzMub3JnLzIwMDAvc3ZnIj4KICAgIDxwYXRoIGQ9Ik0xMiA4Ljk5YzAtLjQyMy4yMDQtLjcyMi42MS0uODk3LjQwOC0uMTczLjc3Mi0uMTA0IDEuMDkyLjIxbDcuMDA2IDYuOTc0Yy4yMDIuMi4yOTguNDM3LjI4Ny43MTYgMCAuMjY3LS4wOTYuNDk4LS4yODcuNjlsLTcuMDA2IDdjLS4zMi4zMi0uNjg0LjM5LTEuMDkyLjIxLS40MDYtLjE3NS0uNjEtLjQ4My0uNjEtLjkyM1Y4Ljk5eiIKICAgICAgICAgIGZpbGw9IiNmZmZmZmYiIG9wYWNpdHk9IjAuOCIgZmlsbC1ydWxlPSJldmVub2RkIi8+Cjwvc3ZnPg==\" alt=\"next arrow\"><\/div><\/div><\/div><\/div><ss3-loader><\/ss3-loader><\/div><\/div><div class=\"n2_clear\"><\/div><\/div>","protected":false},"excerpt":{"rendered":"<p>Installation de chauffage par des sp\u00e9cialistes Chaudi\u00e8re \u00e0 granul\u00e9s\u00a0 : solution \u00e9conomique, ce type de chaudi\u00e8re permet une baisse de la facture allant jusqu&rsquo;\u00e0 30 %. Le bois est l&rsquo;\u00e9nergie la moins ch\u00e8re du march\u00e9.\u00a0 Chaudi\u00e8re fioul \u00e0 condensation : parfaite pour toutes les maisons \u00e9quip\u00e9es d&rsquo;un syst\u00e8me de chauffage central. \u00c0 condensation, elle rejette [&hellip;]<\/p>\n","protected":false},"author":1,"featured_media":8,"parent":0,"menu_order":0,"comment_status":"closed","ping_status":"closed","template":"","meta":{"_monsterinsights_skip_tracking":false,"_monsterinsights_sitenote_active":false,"_monsterinsights_sitenote_note":"","_monsterinsights_sitenote_category":0,"footnotes":""},"class_list":["post-7","page","type-page","status-publish","has-post-thumbnail","hentry","post","post-with-thumbnail","post-with-thumbnail-large"],"_links":{"self":[{"href":"https:\/\/www.jdsplomberie.com\/index.php?rest_route=\/wp\/v2\/pages\/7","targetHints":{"allow":["GET"]}}],"collection":[{"href":"https:\/\/www.jdsplomberie.com\/index.php?rest_route=\/wp\/v2\/pages"}],"about":[{"href":"https:\/\/www.jdsplomberie.com\/index.php?rest_route=\/wp\/v2\/types\/page"}],"author":[{"embeddable":true,"href":"https:\/\/www.jdsplomberie.com\/index.php?rest_route=\/wp\/v2\/users\/1"}],"replies":[{"embeddable":true,"href":"https:\/\/www.jdsplomberie.com\/index.php?rest_route=%2Fwp%2Fv2%2Fcomments&post=7"}],"version-history":[{"count":4,"href":"https:\/\/www.jdsplomberie.com\/index.php?rest_route=\/wp\/v2\/pages\/7\/revisions"}],"predecessor-version":[{"id":96,"href":"https:\/\/www.jdsplomberie.com\/index.php?rest_route=\/wp\/v2\/pages\/7\/revisions\/96"}],"wp:featuredmedia":[{"embeddable":true,"href":"https:\/\/www.jdsplomberie.com\/index.php?rest_route=\/wp\/v2\/media\/8"}],"wp:attachment":[{"href":"https:\/\/www.jdsplomberie.com\/index.php?rest_route=%2Fwp%2Fv2%2Fmedia&parent=7"}],"curies":[{"name":"wp","href":"https:\/\/api.w.org\/{rel}","templated":true}]}}